{"id":571,"date":"2022-06-17T10:04:24","date_gmt":"2022-06-17T08:04:24","guid":{"rendered":"https:\/\/www.edrapalacehotel.it\/?page_id=571"},"modified":"2023-08-24T14:57:59","modified_gmt":"2023-08-24T12:57:59","slug":"garden","status":"publish","type":"page","link":"https:\/\/www.edrapalacehotel.it\/de\/garden\/","title":{"rendered":"Garten"},"content":{"rendered":"<div data-elementor-type=\"wp-page\" data-elementor-id=\"571\" class=\"elementor elementor-571\">\n\t\t\t\t\t\t<section class=\"elementor-section elementor-top-section elementor-element elementor-element-a5ea5a6 elementor-section-full_width elementor-section-height-default elementor-section-height-default\" data-id=\"a5ea5a6\" data-element_type=\"section\" data-e-type=\"section\">\n\t\t\t\t\t\t<div class=\"elementor-container elementor-column-gap-no\">\n\t\t\t\t\t<div class=\"elementor-column elementor-col-100 elementor-top-column elementor-element elementor-element-40a22b6\" data-id=\"40a22b6\" data-element_type=\"column\" data-e-type=\"column\">\n\t\t\t<div class=\"elementor-widget-wrap elementor-element-populated\">\n\t\t\t\t\t\t<div class=\"elementor-element elementor-element-b3f3754 elementor-align-left elementor-widget elementor-widget-home-slider\" data-id=\"b3f3754\" data-element_type=\"widget\" data-e-type=\"widget\" data-widget_type=\"home-slider.default\">\n\t\t\t\t<div class=\"elementor-widget-container\">\n\t\t\t\t\t\r\n\t\t<header class=\"header slider-fade\">\r\n\t\t\t<div class=\"owl-carousel owl-theme\">\r\n\t\t\t\t<!-- The opacity on the image is made with \"data-overlay-dark=\"number\". You can change it using the numbers 0-9. -->\r\n\t\t\t\t\t\t\t\t\t\t\t\t\t\t\t<div class=\"text-center item bg-img\" data-overlay-dark=\"2\" data-background=\"https:\/\/www.edrapalacehotel.it\/wp-content\/uploads\/2022\/08\/banner-garden.jpg\">\r\n\t\t\t\t\t\t\t\t\t\t\t\t<div class=\"v-middle caption\">\r\n\t\t\t\t\t\t\t<div class=\"container\">\r\n\t\t\t\t\t\t\t\t<div class=\"row\">\r\n\t\t\t\t\t\t\t\t\t<div class=\"col-md-10 offset-md-1\">\r\n\t\t\t\t\t\t\t\t\t\t<span>\r\n\t\t\t\t\t\t\t\t\t\t\t\t\t\t\t\t\t\t\t\t\t\t\t<i class=\"star-rating\"><\/i>\r\n\t\t\t\t\t\t\t\t\t\t\t\t<i class=\"star-rating\"><\/i>\r\n\t\t\t\t\t\t\t\t\t\t\t\t<i class=\"star-rating\"><\/i>\r\n\t\t\t\t\t\t\t\t\t\t\t\t<i class=\"star-rating\"><\/i>\r\n\t\t\t\t\t\t\t\t\t\t\t\t\t\t\t\t\t\t\t\t\t\t<\/span>\r\n\t\t\t\t\t\t\t\t\t\t\t\t\t\t\t\t\t\t\t\t\t\t\t\t\t\t\t\t\t\t\t\t\t\t<h1>Garten<\/h1>\r\n\t\t\t\t\t\t\t\t\t\t\t\t\t\t\t\t\t\t\t\t\t\t\t\t\t\t\t\t\t\t\t\t<\/div>\r\n\t\t\t\t\t\t\t\t\t<\/div>\r\n\t\t\t\t\t\t\t\t<\/div>\r\n\t\t\t\t\t\t\t<\/div>\r\n\t\t\t\t\t\t<\/div>\r\n\t\t\t\t\t\t\t\t<\/div>\r\n\t\t\t<!-- slider reservation -->\r\n\t\t\t\t\t\t<div class=\"reservation\">\r\n\t\t\t\t<a href=\"tel:0776373010\">\r\n\t\t\t\t\t<div class=\"icon d-flex justify-content-center align-items-center\">\r\n\t\t\t\t\t\t<i class=\"flaticon-call\"><\/i>\r\n\t\t\t\t\t<\/div>\r\n\t\t\t\t\t<div class=\"call\"><span>0776 373010<\/span> <br>Rufen Sie uns an<\/div>\r\n\t\t\t\t<\/a>\r\n\t\t\t<\/div>\r\n\t\t\t\t\t<\/header>\r\n\r\n\t\t\r\n\t\t\t\t\t<\/div>\n\t\t\t\t<\/div>\n\t\t\t\t\t<\/div>\n\t\t<\/div>\n\t\t\t\t\t<\/div>\n\t\t<\/section>\n\t\t\t\t<section class=\"elementor-section elementor-top-section elementor-element elementor-element-aa3fb66 elementor-section-full_width elementor-section-height-default elementor-section-height-default\" data-id=\"aa3fb66\" data-element_type=\"section\" data-e-type=\"section\">\n\t\t\t\t\t\t<div class=\"elementor-container elementor-column-gap-no\">\n\t\t\t\t\t<div class=\"elementor-column elementor-col-100 elementor-top-column elementor-element elementor-element-f447207\" data-id=\"f447207\" data-element_type=\"column\" data-e-type=\"column\">\n\t\t\t<div class=\"elementor-widget-wrap elementor-element-populated\">\n\t\t\t\t\t\t<div class=\"elementor-element elementor-element-e2d63b8 elementor-align-left elementor-widget elementor-widget-home-about\" data-id=\"e2d63b8\" data-element_type=\"widget\" data-e-type=\"widget\" data-widget_type=\"home-about.default\">\n\t\t\t\t<div class=\"elementor-widget-container\">\n\t\t\t\t\t\r\n\t\t<section class=\"about section-padding\">\r\n\t\t\t<h2 style=\"display: none!important;\">The Cappa<\/h2>\r\n\t\t\t<div class=\"container\">\r\n\t\t\t\t<div class=\"row\">\r\n\t\t\t\t\t<div class=\"col-md-6 mb-30 animate-box\" data-animate-effect=\"fadeInUp\">\r\n\t\t\t\t\t\t<span>\r\n\t\t\t\t\t\t\t\t\t\t\t\t\t\t\t<i class=\"star-rating\"><\/i>\r\n\t\t\t\t\t\t\t\t<i class=\"star-rating\"><\/i>\r\n\t\t\t\t\t\t\t\t<i class=\"star-rating\"><\/i>\r\n\t\t\t\t\t\t\t\t<i class=\"star-rating\"><\/i>\r\n\t\t\t\t\t\t\t\t\t\t\t\t\t<\/span>\r\n\t\t\t\t\t\t\t\t\t\t\t\t\t\t\t\t\t\t<div class=\"section-title\"> Un\u2019 oasi verde a pochi passi dal centro cittadino<\/div>\r\n\t\t\t\t\t\t\t\t\t\t\t\t\t\t\t\t\t\t<p>Edra Palace \u00e8 una vera oasi verde a pochi passi dal centro della citt\u00e0, grazie alla splendida\ncornice naturalistica che lo circonda.<\/p>\n<p>Rigogliose piante da tutto il mondo, graziose fontane danzanti e suggestive statue d\u2019epoca\nfanno del nostro Garden un vero e proprio parco naturalistico a cielo aperto che si presta ad\nessere la location perfetta per ogni evento da sogno.<\/p>\t\t\t\t\t\t\t\t\t\t\t\t<!-- call -->\r\n\t\t\t\t\t\t\t\t\t\t\t<\/div>\r\n\t\t\t\t\t\t\t\t\t\t<div class=\"col col-md-3 animate-box\" data-animate-effect=\"fadeInUp\">\r\n\t\t\t\t\t\t<img decoding=\"async\" src=\"https:\/\/www.edrapalacehotel.it\/wp-content\/uploads\/2022\/08\/DSC_4699.jpg\" alt=\"\" class=\"mt-90 mb-30\">\r\n\t\t\t\t\t<\/div>\r\n\t\t\t\t\t\t\t\t\t\t\t\t\t\t\t<div class=\"col col-md-3 animate-box\" data-animate-effect=\"fadeInUp\">\r\n\t\t\t\t\t\t<img decoding=\"async\" src=\"https:\/\/www.edrapalacehotel.it\/wp-content\/uploads\/2022\/08\/DSC_4718.jpg\" alt=\"\">\r\n\t\t\t\t\t<\/div>\r\n\t\t\t\t\t\t\t\t\t<\/div>\r\n\t\t\t<\/div>\r\n\t\t<\/section>\r\n\r\n\t\t\t\t\t<\/div>\n\t\t\t\t<\/div>\n\t\t\t\t\t<\/div>\n\t\t<\/div>\n\t\t\t\t\t<\/div>\n\t\t<\/section>\n\t\t\t\t<section class=\"elementor-section elementor-top-section elementor-element elementor-element-a027134 elementor-section-boxed elementor-section-height-default elementor-section-height-default\" data-id=\"a027134\" data-element_type=\"section\" data-e-type=\"section\">\n\t\t\t\t\t\t<div class=\"elementor-container elementor-column-gap-default\">\n\t\t\t\t\t<div class=\"elementor-column elementor-col-100 elementor-top-column elementor-element elementor-element-3eada73\" data-id=\"3eada73\" data-element_type=\"column\" data-e-type=\"column\">\n\t\t\t<div class=\"elementor-widget-wrap elementor-element-populated\">\n\t\t\t\t\t\t<div class=\"elementor-element elementor-element-0c8610b elementor-align-center elementor-widget elementor-widget-pages-gallery\" data-id=\"0c8610b\" data-element_type=\"widget\" data-e-type=\"widget\" data-widget_type=\"pages-gallery.default\">\n\t\t\t\t<div class=\"elementor-widget-container\">\n\t\t\t\t\t\r\n\t\t<section class=\"section-padding\">\r\n\t\t\t<div class=\"container\">\r\n\t\t\t\t<div class=\"row\">\r\n\t\t\t\t\t<div class=\"col-md-12\">\r\n\t\t\t\t\t\t\t\t\t\t\t\t\t\t\t\t\t<\/div>\r\n\t\t\t\t\t<!-- 3 columns -->\r\n\t\t\t\t\t\t\t\t\t\t\t\t\t\t\t\t\t<div class=\"col-md-4 gallery-item\">\r\n\t\t\t\t\t\t\t\t\t\t\t\t\t\t\t\t\t\t\t<a href=\"https:\/\/www.edrapalacehotel.it\/wp-content\/uploads\/2022\/08\/DSC_1656.jpg\" title=\"\" class=\"img-zoom\">\r\n\t\t\t\t\t\t\t\t<div class=\"gallery-box\">\r\n\t\t\t\t\t\t\t\t\t<div class=\"gallery-img\"> <img decoding=\"async\" src=\"https:\/\/www.edrapalacehotel.it\/wp-content\/uploads\/2022\/08\/DSC_1656.jpg\" class=\"img-fluid mx-auto d-block\" alt=\"work-img\"> <\/div>\r\n\t\t\t\t\t\t\t\t<\/div>\r\n\t\t\t\t\t\t\t<\/a>\r\n\t\t\t\t\t\t\t\t\t\t\t\t\t<\/div>\r\n\t\t\t\t\t\t\t\t\t\t\t\t\t\t\t\t\t<div class=\"col-md-4 gallery-item\">\r\n\t\t\t\t\t\t\t\t\t\t\t\t\t\t\t\t\t\t\t<a href=\"https:\/\/www.edrapalacehotel.it\/wp-content\/uploads\/2022\/08\/sfalsata-centro.jpg\" title=\"\" class=\"img-zoom\">\r\n\t\t\t\t\t\t\t\t<div class=\"gallery-box\">\r\n\t\t\t\t\t\t\t\t\t<div class=\"gallery-img\"> <img decoding=\"async\" src=\"https:\/\/www.edrapalacehotel.it\/wp-content\/uploads\/2022\/08\/sfalsata-centro.jpg\" class=\"img-fluid mx-auto d-block\" alt=\"work-img\"> <\/div>\r\n\t\t\t\t\t\t\t\t<\/div>\r\n\t\t\t\t\t\t\t<\/a>\r\n\t\t\t\t\t\t\t\t\t\t\t\t\t<\/div>\r\n\t\t\t\t\t\t\t\t\t\t\t\t\t\t\t\t\t<div class=\"col-md-4 gallery-item\">\r\n\t\t\t\t\t\t\t\t\t\t\t\t\t\t\t\t\t\t\t<a href=\"https:\/\/www.edrapalacehotel.it\/wp-content\/uploads\/2022\/08\/DSC_9779.jpg\" title=\"\" class=\"img-zoom\">\r\n\t\t\t\t\t\t\t\t<div class=\"gallery-box\">\r\n\t\t\t\t\t\t\t\t\t<div class=\"gallery-img\"> <img decoding=\"async\" src=\"https:\/\/www.edrapalacehotel.it\/wp-content\/uploads\/2022\/08\/DSC_9779.jpg\" class=\"img-fluid mx-auto d-block\" alt=\"work-img\"> <\/div>\r\n\t\t\t\t\t\t\t\t<\/div>\r\n\t\t\t\t\t\t\t<\/a>\r\n\t\t\t\t\t\t\t\t\t\t\t\t\t<\/div>\r\n\t\t\t\t\t\t\t\t\t<\/div>\r\n\t\t\t<\/div>\r\n\t\t<\/section>\r\n\t\t\r\n\r\n\t\t\t\t\t<\/div>\n\t\t\t\t<\/div>\n\t\t\t\t\t<\/div>\n\t\t<\/div>\n\t\t\t\t\t<\/div>\n\t\t<\/section>\n\t\t\t\t<section class=\"elementor-section elementor-top-section elementor-element elementor-element-605ca59 elementor-section-boxed elementor-section-height-default elementor-section-height-default\" data-id=\"605ca59\" data-element_type=\"section\" data-e-type=\"section\">\n\t\t\t\t\t\t<div class=\"elementor-container elementor-column-gap-default\">\n\t\t\t\t\t<div class=\"elementor-column elementor-col-50 elementor-top-column elementor-element elementor-element-47ea905\" data-id=\"47ea905\" data-element_type=\"column\" data-e-type=\"column\">\n\t\t\t<div class=\"elementor-widget-wrap elementor-element-populated\">\n\t\t\t\t\t\t<div class=\"elementor-element elementor-element-c2fae3c elementor-align-left nostelle elementor-widget elementor-widget-pages-restaurant-content\" data-id=\"c2fae3c\" data-element_type=\"widget\" data-e-type=\"widget\" data-widget_type=\"pages-restaurant-content.default\">\n\t\t\t\t<div class=\"elementor-widget-container\">\n\t\t\t\t\t\r\n\t\t<section class=\"rooms-page section-padding\" data-scroll-index=\"1\">\r\n\t\t\t<div class=\"container\">\r\n\t\t\t\t<div class=\"row\">\r\n\t\t\t\t\t<div class=\"col-md-12 text-left\"> \r\n\t\t\t\t\t\t<span>\r\n\t\t\t\t\t\t\t\t\t\t\t\t\t\t\t<i class=\"star-rating\"><\/i>\r\n\t\t\t\t\t\t\t\t<i class=\"star-rating\"><\/i>\r\n\t\t\t\t\t\t\t\t<i class=\"star-rating\"><\/i>\r\n\t\t\t\t\t\t\t\t<i class=\"star-rating\"><\/i>\r\n\t\t\t\t\t\t\t\t<i class=\"star-rating\"><\/i>\r\n\t\t\t\t\t\t\t\t\t\t\t\t\t<\/span>\r\n\t\t\t\t\t\t\t\t\t\t\t\t\t\t\t\t\t\t\t<div class=\"section-title\">Ihr Traumort<\/div>\r\n\t\t\t\t\t\t\t\t\t\t\t<\/div>\r\n\t\t\t\t\t<div class=\"col-md-12\">\r\n\t\t\t\t\t\t\t\t\t\t\t\t<p>Hai sempre sognato di celebrare il tuo giorno speciale in una Location naturalistica a pochi\npassi dalla citt\u00e0? Edra Palace \u00e8 il luogo perfetto per te!<\/p>\n<p>Tats\u00e4chlich k\u00f6nnen Sie Ihre G\u00e4ste in der herrlichen Umgebung unseres Gartens mit Swimmingpool empfangen und einen einzigartigen Tag verbringen, w\u00e4hrend Sie die besonderen Gerichte probieren und genie\u00dfen.\nvon unseren K\u00f6chen speziell f\u00fcr Sie zubereitet<\/p>\t\t\t\t\t\t\t\t\t\t\t\t<ul class=\"list-unstyled page-list mb-30\">\r\n\t\t\t\t\t\t\t\t\t\t\t\t\t<\/ul>\r\n\t\t\t\t\t<\/div>\r\n\t\t\t\t<\/div>\r\n\t\t\t<\/div>\r\n\t\t<\/section>\r\n\r\n\t\t\t\t\t<\/div>\n\t\t\t\t<\/div>\n\t\t\t\t<div class=\"elementor-element elementor-element-45c55b8 elementor-align-left butn-dark elementor-widget elementor-widget-button\" data-id=\"45c55b8\" data-element_type=\"widget\" data-e-type=\"widget\" data-widget_type=\"button.default\">\n\t\t\t\t<div class=\"elementor-widget-container\">\n\t\t\t\t\t\t\t\t\t<div class=\"elementor-button-wrapper\">\n\t\t\t\t\t<a class=\"elementor-button elementor-button-link elementor-size-md\" href=\"https:\/\/www.edrapalacehotel.it\/de\/weddings-events\/\">\n\t\t\t\t\t\t<span class=\"elementor-button-content-wrapper\">\n\t\t\t\t\t\t\t\t\t<span class=\"elementor-button-text\">Scopri di pi\u00f9<\/span>\n\t\t\t\t\t<\/span>\n\t\t\t\t\t<\/a>\n\t\t\t\t<\/div>\n\t\t\t\t\t\t\t\t<\/div>\n\t\t\t\t<\/div>\n\t\t\t\t\t<\/div>\n\t\t<\/div>\n\t\t\t\t<div class=\"elementor-column elementor-col-50 elementor-top-column elementor-element elementor-element-dda38eb elimina-text-2img elimina-padtop\" data-id=\"dda38eb\" data-element_type=\"column\" data-e-type=\"column\">\n\t\t\t<div class=\"elementor-widget-wrap elementor-element-populated\">\n\t\t\t\t\t\t<div class=\"elementor-element elementor-element-12eb7b1 elementor-align-left nostelle elementor-widget elementor-widget-home-about\" data-id=\"12eb7b1\" data-element_type=\"widget\" data-e-type=\"widget\" data-widget_type=\"home-about.default\">\n\t\t\t\t<div class=\"elementor-widget-container\">\n\t\t\t\t\t\r\n\t\t<section class=\"about section-padding\">\r\n\t\t\t<h2 style=\"display: none!important;\">The Cappa<\/h2>\r\n\t\t\t<div class=\"container\">\r\n\t\t\t\t<div class=\"row\">\r\n\t\t\t\t\t<div class=\"col-md-6 mb-30 animate-box\" data-animate-effect=\"fadeInUp\">\r\n\t\t\t\t\t\t<span>\r\n\t\t\t\t\t\t\t\t\t\t\t\t\t\t\t<i class=\"star-rating\"><\/i>\r\n\t\t\t\t\t\t\t\t<i class=\"star-rating\"><\/i>\r\n\t\t\t\t\t\t\t\t<i class=\"star-rating\"><\/i>\r\n\t\t\t\t\t\t\t\t<i class=\"star-rating\"><\/i>\r\n\t\t\t\t\t\t\t\t<i class=\"star-rating\"><\/i>\r\n\t\t\t\t\t\t\t\t\t\t\t\t\t<\/span>\r\n\t\t\t\t\t\t\t\t\t\t\t\t\t\t\t\t\t\t\t\t\t\t\t\t<!-- call -->\r\n\t\t\t\t\t\t\t\t\t\t\t<\/div>\r\n\t\t\t\t\t\t\t\t\t\t<div class=\"col col-md-3 animate-box\" data-animate-effect=\"fadeInUp\">\r\n\t\t\t\t\t\t<img decoding=\"async\" src=\"https:\/\/www.edrapalacehotel.it\/wp-content\/uploads\/2022\/08\/DSC_2220.jpg\" alt=\"\" class=\"mt-90 mb-30\">\r\n\t\t\t\t\t<\/div>\r\n\t\t\t\t\t\t\t\t\t\t\t\t\t\t\t<div class=\"col col-md-3 animate-box\" data-animate-effect=\"fadeInUp\">\r\n\t\t\t\t\t\t<img decoding=\"async\" src=\"https:\/\/www.edrapalacehotel.it\/wp-content\/uploads\/2022\/08\/home-wedd-_-event-dx.jpg\" alt=\"\">\r\n\t\t\t\t\t<\/div>\r\n\t\t\t\t\t\t\t\t\t<\/div>\r\n\t\t\t<\/div>\r\n\t\t<\/section>\r\n\r\n\t\t\t\t\t<\/div>\n\t\t\t\t<\/div>\n\t\t\t\t\t<\/div>\n\t\t<\/div>\n\t\t\t\t\t<\/div>\n\t\t<\/section>\n\t\t\t\t<section class=\"elementor-section elementor-top-section elementor-element elementor-element-6fffd71 elementor-section-full_width elementor-section-height-default elementor-section-height-default\" data-id=\"6fffd71\" data-element_type=\"section\" data-e-type=\"section\">\n\t\t\t\t\t\t<div class=\"elementor-container elementor-column-gap-default\">\n\t\t\t\t\t<div class=\"elementor-column elementor-col-100 elementor-top-column elementor-element elementor-element-01e29ce\" data-id=\"01e29ce\" data-element_type=\"column\" data-e-type=\"column\">\n\t\t\t<div class=\"elementor-widget-wrap\">\n\t\t\t\t\t\t\t<\/div>\n\t\t<\/div>\n\t\t\t\t\t<\/div>\n\t\t<\/section>\n\t\t\t\t<section class=\"elementor-section elementor-top-section elementor-element elementor-element-9367380 elementor-section-boxed elementor-section-height-default elementor-section-height-default\" data-id=\"9367380\" data-element_type=\"section\" data-e-type=\"section\">\n\t\t\t\t\t\t<div class=\"elementor-container elementor-column-gap-default\">\n\t\t\t\t\t<div class=\"elementor-column elementor-col-100 elementor-top-column elementor-element elementor-element-cac4f8e\" data-id=\"cac4f8e\" data-element_type=\"column\" data-e-type=\"column\">\n\t\t\t<div class=\"elementor-widget-wrap elementor-element-populated\">\n\t\t\t\t\t\t<div class=\"elementor-element elementor-element-be61e9a elementor-align-left nostelle centra elementor-widget elementor-widget-pages-restaurant-content\" data-id=\"be61e9a\" data-element_type=\"widget\" data-e-type=\"widget\" data-widget_type=\"pages-restaurant-content.default\">\n\t\t\t\t<div class=\"elementor-widget-container\">\n\t\t\t\t\t\r\n\t\t<section class=\"rooms-page section-padding\" data-scroll-index=\"1\">\r\n\t\t\t<div class=\"container\">\r\n\t\t\t\t<div class=\"row\">\r\n\t\t\t\t\t<div class=\"col-md-12 text-left\"> \r\n\t\t\t\t\t\t<span>\r\n\t\t\t\t\t\t\t\t\t\t\t\t\t\t\t<i class=\"star-rating\"><\/i>\r\n\t\t\t\t\t\t\t\t<i class=\"star-rating\"><\/i>\r\n\t\t\t\t\t\t\t\t<i class=\"star-rating\"><\/i>\r\n\t\t\t\t\t\t\t\t<i class=\"star-rating\"><\/i>\r\n\t\t\t\t\t\t\t\t<i class=\"star-rating\"><\/i>\r\n\t\t\t\t\t\t\t\t\t\t\t\t\t<\/span>\r\n\t\t\t\t\t\t\t\t\t\t\t\t\t\t\t\t\t\t\t<div class=\"section-title\">Das Schwimmbad von Edra Palace<\/div>\r\n\t\t\t\t\t\t\t\t\t\t\t<\/div>\r\n\t\t\t\t\t<div class=\"col-md-12\">\r\n\t\t\t\t\t\t\t\t\t\t\t\t<p>Nell\u2019oasi naturalistica del nostro Garden sorge l\u2019ampia piscina con vista panoramica su\nMontecassino: una piccola chicca che i nostri ospiti amano moltissimo, potendo godere di\nattimi di rigenerante relax lontano dal caos della citt\u00e0.<\/p>\n<p>Ma la piscina \u00e8 anche il tocco raffinato che rende ogni evento celebrato presso l\u2019Edra Palace ancor pi\u00f9 unico, grazie all\u2019atmosfera suggestiva e romantica che si enfatizza al calar del sole con colorate luci soffuse e romantici giochi d\u2019acqua.<\/p>\n<p><strong>ORARI PISCINA:<\/strong> La piscina dell\u2019Edra Palace Hotel \u00e8 pronta ad accogliervi dalle ore 9:30 alle 19:30, dal 15 Giugno al 15 Settembre. <br><strong>Nota:<\/strong> Gli orari della piscina potrebbero essere soggetti a variazioni. Si consiglia di contattare l'Edra Palace Hotel in anticipo per confermare gli orari e prenotare eventuali servizi aggiuntivi.\n<\/p>\t\t\t\t\t\t\t\t\t\t\t\t<ul class=\"list-unstyled page-list mb-30\">\r\n\t\t\t\t\t\t\t\t\t\t\t\t\t<\/ul>\r\n\t\t\t\t\t<\/div>\r\n\t\t\t\t<\/div>\r\n\t\t\t<\/div>\r\n\t\t<\/section>\r\n\r\n\t\t\t\t\t<\/div>\n\t\t\t\t<\/div>\n\t\t\t\t<div class=\"elementor-element elementor-element-63ea367 elementor-widget elementor-widget-image\" data-id=\"63ea367\" data-element_type=\"widget\" data-e-type=\"widget\" data-widget_type=\"image.default\">\n\t\t\t\t<div class=\"elementor-widget-container\">\n\t\t\t\t\t\t\t\t\t\t\t\t\t\t\t<img fetchpriority=\"high\" decoding=\"async\" width=\"1920\" height=\"1281\" src=\"https:\/\/www.edrapalacehotel.it\/wp-content\/uploads\/2022\/10\/piscina.jpg\" class=\"attachment-full size-full wp-image-2527\" alt=\"\" srcset=\"https:\/\/www.edrapalacehotel.it\/wp-content\/uploads\/2022\/10\/piscina.jpg 1920w, https:\/\/www.edrapalacehotel.it\/wp-content\/uploads\/2022\/10\/piscina-300x200.jpg 300w, https:\/\/www.edrapalacehotel.it\/wp-content\/uploads\/2022\/10\/piscina-1024x683.jpg 1024w, https:\/\/www.edrapalacehotel.it\/wp-content\/uploads\/2022\/10\/piscina-768x512.jpg 768w, https:\/\/www.edrapalacehotel.it\/wp-content\/uploads\/2022\/10\/piscina-1536x1025.jpg 1536w, https:\/\/www.edrapalacehotel.it\/wp-content\/uploads\/2022\/10\/piscina-18x12.jpg 18w\" sizes=\"(max-width: 1920px) 100vw, 1920px\" \/>\t\t\t\t\t\t\t\t\t\t\t\t\t\t\t<\/div>\n\t\t\t\t<\/div>\n\t\t\t\t\t<\/div>\n\t\t<\/div>\n\t\t\t\t\t<\/div>\n\t\t<\/section>\n\t\t\t\t<\/div>","protected":false},"excerpt":{"rendered":"<p>Garden 0776 373010 Chiamaci The Cappa Un\u2019 oasi verde a pochi passi dal centro cittadino Edra Palace \u00e8 una vera oasi verde a pochi passi dal centro della citt\u00e0, grazie alla splendida cornice naturalistica che lo circonda. Rigogliose piante da tutto il mondo, graziose fontane danzanti e suggestive statue d\u2019epoca fanno del nostro Garden un [&hellip;]<\/p>\n","protected":false},"author":1,"featured_media":0,"parent":0,"menu_order":0,"comment_status":"closed","ping_status":"closed","template":"page-templates\/home.php","meta":{"footnotes":""},"class_list":["post-571","page","type-page","status-publish","hentry"],"yoast_head":"<!-- This site is optimized with the Yoast SEO plugin v27.3 - https:\/\/yoast.com\/product\/yoast-seo-wordpress\/ -->\n<title>Garden - Edra Palace<\/title>\n<meta name=\"robots\" content=\"index, follow, max-snippet:-1, max-image-preview:large, max-video-preview:-1\" \/>\n<link rel=\"canonical\" href=\"https:\/\/www.edrapalacehotel.it\/de\/garden\/\" \/>\n<meta property=\"og:locale\" content=\"de_DE\" \/>\n<meta property=\"og:type\" content=\"article\" \/>\n<meta property=\"og:title\" content=\"Garden - Edra Palace\" \/>\n<meta property=\"og:description\" content=\"Garden 0776 373010 Chiamaci The Cappa Un\u2019 oasi verde a pochi passi dal centro cittadino Edra Palace \u00e8 una vera oasi verde a pochi passi dal centro della citt\u00e0, grazie alla splendida cornice naturalistica che lo circonda. Rigogliose piante da tutto il mondo, graziose fontane danzanti e suggestive statue d\u2019epoca fanno del nostro Garden un [&hellip;]\" \/>\n<meta property=\"og:url\" content=\"https:\/\/www.edrapalacehotel.it\/de\/garden\/\" \/>\n<meta property=\"og:site_name\" content=\"Edra Palace\" \/>\n<meta property=\"article:modified_time\" content=\"2023-08-24T12:57:59+00:00\" \/>\n<meta property=\"og:image\" content=\"https:\/\/www.edrapalacehotel.it\/wp-content\/uploads\/2022\/08\/DSC_4699.jpg\" \/>\n<meta name=\"twitter:card\" content=\"summary_large_image\" \/>\n<meta name=\"twitter:label1\" content=\"Gesch\u00e4tzte Lesezeit\" \/>\n\t<meta name=\"twitter:data1\" content=\"4\u00a0Minuten\" \/>\n<script type=\"application\/ld+json\" class=\"yoast-schema-graph\">{\"@context\":\"https:\\\/\\\/schema.org\",\"@graph\":[{\"@type\":\"WebPage\",\"@id\":\"https:\\\/\\\/www.edrapalacehotel.it\\\/garden\\\/\",\"url\":\"https:\\\/\\\/www.edrapalacehotel.it\\\/garden\\\/\",\"name\":\"Garden - Edra Palace\",\"isPartOf\":{\"@id\":\"https:\\\/\\\/www.edrapalacehotel.it\\\/#website\"},\"primaryImageOfPage\":{\"@id\":\"https:\\\/\\\/www.edrapalacehotel.it\\\/garden\\\/#primaryimage\"},\"image\":{\"@id\":\"https:\\\/\\\/www.edrapalacehotel.it\\\/garden\\\/#primaryimage\"},\"thumbnailUrl\":\"https:\\\/\\\/www.edrapalacehotel.it\\\/wp-content\\\/uploads\\\/2022\\\/08\\\/DSC_4699.jpg\",\"datePublished\":\"2022-06-17T08:04:24+00:00\",\"dateModified\":\"2023-08-24T12:57:59+00:00\",\"breadcrumb\":{\"@id\":\"https:\\\/\\\/www.edrapalacehotel.it\\\/garden\\\/#breadcrumb\"},\"inLanguage\":\"de\",\"potentialAction\":[{\"@type\":\"ReadAction\",\"target\":[\"https:\\\/\\\/www.edrapalacehotel.it\\\/garden\\\/\"]}]},{\"@type\":\"ImageObject\",\"inLanguage\":\"de\",\"@id\":\"https:\\\/\\\/www.edrapalacehotel.it\\\/garden\\\/#primaryimage\",\"url\":\"https:\\\/\\\/www.edrapalacehotel.it\\\/wp-content\\\/uploads\\\/2022\\\/08\\\/DSC_4699.jpg\",\"contentUrl\":\"https:\\\/\\\/www.edrapalacehotel.it\\\/wp-content\\\/uploads\\\/2022\\\/08\\\/DSC_4699.jpg\"},{\"@type\":\"BreadcrumbList\",\"@id\":\"https:\\\/\\\/www.edrapalacehotel.it\\\/garden\\\/#breadcrumb\",\"itemListElement\":[{\"@type\":\"ListItem\",\"position\":1,\"name\":\"Home\",\"item\":\"https:\\\/\\\/www.edrapalacehotel.it\\\/\"},{\"@type\":\"ListItem\",\"position\":2,\"name\":\"Garden\"}]},{\"@type\":\"WebSite\",\"@id\":\"https:\\\/\\\/www.edrapalacehotel.it\\\/#website\",\"url\":\"https:\\\/\\\/www.edrapalacehotel.it\\\/\",\"name\":\"Edra Palace\",\"description\":\"Hotel 4 stelle\",\"potentialAction\":[{\"@type\":\"SearchAction\",\"target\":{\"@type\":\"EntryPoint\",\"urlTemplate\":\"https:\\\/\\\/www.edrapalacehotel.it\\\/?s={search_term_string}\"},\"query-input\":{\"@type\":\"PropertyValueSpecification\",\"valueRequired\":true,\"valueName\":\"search_term_string\"}}],\"inLanguage\":\"de\"}]}<\/script>\n<!-- \/ Yoast SEO plugin. -->","yoast_head_json":{"title":"Garden - Edra Palace","robots":{"index":"index","follow":"follow","max-snippet":"max-snippet:-1","max-image-preview":"max-image-preview:large","max-video-preview":"max-video-preview:-1"},"canonical":"https:\/\/www.edrapalacehotel.it\/de\/garden\/","og_locale":"de_DE","og_type":"article","og_title":"Garden - Edra Palace","og_description":"Garden 0776 373010 Chiamaci The Cappa Un\u2019 oasi verde a pochi passi dal centro cittadino Edra Palace \u00e8 una vera oasi verde a pochi passi dal centro della citt\u00e0, grazie alla splendida cornice naturalistica che lo circonda. Rigogliose piante da tutto il mondo, graziose fontane danzanti e suggestive statue d\u2019epoca fanno del nostro Garden un [&hellip;]","og_url":"https:\/\/www.edrapalacehotel.it\/de\/garden\/","og_site_name":"Edra Palace","article_modified_time":"2023-08-24T12:57:59+00:00","og_image":[{"url":"https:\/\/www.edrapalacehotel.it\/wp-content\/uploads\/2022\/08\/DSC_4699.jpg","type":"","width":"","height":""}],"twitter_card":"summary_large_image","twitter_misc":{"Gesch\u00e4tzte Lesezeit":"4\u00a0Minuten"},"schema":{"@context":"https:\/\/schema.org","@graph":[{"@type":"WebPage","@id":"https:\/\/www.edrapalacehotel.it\/garden\/","url":"https:\/\/www.edrapalacehotel.it\/garden\/","name":"Garden - Edra Palace","isPartOf":{"@id":"https:\/\/www.edrapalacehotel.it\/#website"},"primaryImageOfPage":{"@id":"https:\/\/www.edrapalacehotel.it\/garden\/#primaryimage"},"image":{"@id":"https:\/\/www.edrapalacehotel.it\/garden\/#primaryimage"},"thumbnailUrl":"https:\/\/www.edrapalacehotel.it\/wp-content\/uploads\/2022\/08\/DSC_4699.jpg","datePublished":"2022-06-17T08:04:24+00:00","dateModified":"2023-08-24T12:57:59+00:00","breadcrumb":{"@id":"https:\/\/www.edrapalacehotel.it\/garden\/#breadcrumb"},"inLanguage":"de","potentialAction":[{"@type":"ReadAction","target":["https:\/\/www.edrapalacehotel.it\/garden\/"]}]},{"@type":"ImageObject","inLanguage":"de","@id":"https:\/\/www.edrapalacehotel.it\/garden\/#primaryimage","url":"https:\/\/www.edrapalacehotel.it\/wp-content\/uploads\/2022\/08\/DSC_4699.jpg","contentUrl":"https:\/\/www.edrapalacehotel.it\/wp-content\/uploads\/2022\/08\/DSC_4699.jpg"},{"@type":"BreadcrumbList","@id":"https:\/\/www.edrapalacehotel.it\/garden\/#breadcrumb","itemListElement":[{"@type":"ListItem","position":1,"name":"Home","item":"https:\/\/www.edrapalacehotel.it\/"},{"@type":"ListItem","position":2,"name":"Garden"}]},{"@type":"WebSite","@id":"https:\/\/www.edrapalacehotel.it\/#website","url":"https:\/\/www.edrapalacehotel.it\/","name":"Edra Palace","description":"Hotel 4 stelle","potentialAction":[{"@type":"SearchAction","target":{"@type":"EntryPoint","urlTemplate":"https:\/\/www.edrapalacehotel.it\/?s={search_term_string}"},"query-input":{"@type":"PropertyValueSpecification","valueRequired":true,"valueName":"search_term_string"}}],"inLanguage":"de"}]}},"_links":{"self":[{"href":"https:\/\/www.edrapalacehotel.it\/de\/wp-json\/wp\/v2\/pages\/571","targetHints":{"allow":["GET"]}}],"collection":[{"href":"https:\/\/www.edrapalacehotel.it\/de\/wp-json\/wp\/v2\/pages"}],"about":[{"href":"https:\/\/www.edrapalacehotel.it\/de\/wp-json\/wp\/v2\/types\/page"}],"author":[{"embeddable":true,"href":"https:\/\/www.edrapalacehotel.it\/de\/wp-json\/wp\/v2\/users\/1"}],"replies":[{"embeddable":true,"href":"https:\/\/www.edrapalacehotel.it\/de\/wp-json\/wp\/v2\/comments?post=571"}],"version-history":[{"count":94,"href":"https:\/\/www.edrapalacehotel.it\/de\/wp-json\/wp\/v2\/pages\/571\/revisions"}],"predecessor-version":[{"id":2647,"href":"https:\/\/www.edrapalacehotel.it\/de\/wp-json\/wp\/v2\/pages\/571\/revisions\/2647"}],"wp:attachment":[{"href":"https:\/\/www.edrapalacehotel.it\/de\/wp-json\/wp\/v2\/media?parent=571"}],"curies":[{"name":"wp","href":"https:\/\/api.w.org\/{rel}","templated":true}]}}