{"id":722,"date":"2022-06-30T10:59:18","date_gmt":"2022-06-30T08:59:18","guid":{"rendered":"https:\/\/www.edrapalacehotel.it\/?page_id=722"},"modified":"2022-09-01T13:48:09","modified_gmt":"2022-09-01T11:48:09","slug":"ristorante","status":"publish","type":"page","link":"https:\/\/www.edrapalacehotel.it\/fr\/ristorante\/","title":{"rendered":"Restaurant"},"content":{"rendered":"<div data-elementor-type=\"wp-page\" data-elementor-id=\"722\" class=\"elementor elementor-722\">\n\t\t\t\t\t\t<section class=\"elementor-section elementor-top-section elementor-element elementor-element-a5ea5a6 elementor-section-full_width elementor-section-height-default elementor-section-height-default\" data-id=\"a5ea5a6\" data-element_type=\"section\" data-e-type=\"section\">\n\t\t\t\t\t\t<div class=\"elementor-container elementor-column-gap-no\">\n\t\t\t\t\t<div class=\"elementor-column elementor-col-100 elementor-top-column elementor-element elementor-element-40a22b6\" data-id=\"40a22b6\" data-element_type=\"column\" data-e-type=\"column\">\n\t\t\t<div class=\"elementor-widget-wrap elementor-element-populated\">\n\t\t\t\t\t\t<div class=\"elementor-element elementor-element-dbf9e08 elementor-align-left elementor-widget elementor-widget-home-slider\" data-id=\"dbf9e08\" data-element_type=\"widget\" data-e-type=\"widget\" data-widget_type=\"home-slider.default\">\n\t\t\t\t<div class=\"elementor-widget-container\">\n\t\t\t\t\t\r\n\t\t<header class=\"header slider-fade\">\r\n\t\t\t<div class=\"owl-carousel owl-theme\">\r\n\t\t\t\t<!-- The opacity on the image is made with \"data-overlay-dark=\"number\". You can change it using the numbers 0-9. -->\r\n\t\t\t\t\t\t\t\t\t\t\t\t\t\t\t<div class=\"text-center item bg-img\" data-overlay-dark=\"2\" data-background=\"https:\/\/www.edrapalacehotel.it\/wp-content\/uploads\/2022\/08\/banner-ristornate.jpg\">\r\n\t\t\t\t\t\t\t\t\t\t\t\t<div class=\"v-middle caption\">\r\n\t\t\t\t\t\t\t<div class=\"container\">\r\n\t\t\t\t\t\t\t\t<div class=\"row\">\r\n\t\t\t\t\t\t\t\t\t<div class=\"col-md-10 offset-md-1\">\r\n\t\t\t\t\t\t\t\t\t\t<span>\r\n\t\t\t\t\t\t\t\t\t\t\t\t\t\t\t\t\t\t\t\t\t\t\t<i class=\"star-rating\"><\/i>\r\n\t\t\t\t\t\t\t\t\t\t\t\t<i class=\"star-rating\"><\/i>\r\n\t\t\t\t\t\t\t\t\t\t\t\t<i class=\"star-rating\"><\/i>\r\n\t\t\t\t\t\t\t\t\t\t\t\t<i class=\"star-rating\"><\/i>\r\n\t\t\t\t\t\t\t\t\t\t\t\t\t\t\t\t\t\t\t\t\t\t<\/span>\r\n\t\t\t\t\t\t\t\t\t\t\t\t\t\t\t\t\t\t\t\t\t\t\t\t\t\t\t\t\t\t\t\t\t\t<h1>Restaurant<\/h1>\r\n\t\t\t\t\t\t\t\t\t\t\t\t\t\t\t\t\t\t\t\t\t\t\t\t\t\t\t\t\t\t\t\t<\/div>\r\n\t\t\t\t\t\t\t\t\t<\/div>\r\n\t\t\t\t\t\t\t\t<\/div>\r\n\t\t\t\t\t\t\t<\/div>\r\n\t\t\t\t\t\t<\/div>\r\n\t\t\t\t\t\t\t\t<\/div>\r\n\t\t\t<!-- slider reservation -->\r\n\t\t\t\t\t\t<div class=\"reservation\">\r\n\t\t\t\t<a href=\"tel:0776373010\">\r\n\t\t\t\t\t<div class=\"icon d-flex justify-content-center align-items-center\">\r\n\t\t\t\t\t\t<i class=\"flaticon-call\"><\/i>\r\n\t\t\t\t\t<\/div>\r\n\t\t\t\t\t<div class=\"call\"><span>0776 373010<\/span> <br>Appelez-nous<\/div>\r\n\t\t\t\t<\/a>\r\n\t\t\t<\/div>\r\n\t\t\t\t\t<\/header>\r\n\r\n\t\t\r\n\t\t\t\t\t<\/div>\n\t\t\t\t<\/div>\n\t\t\t\t\t<\/div>\n\t\t<\/div>\n\t\t\t\t\t<\/div>\n\t\t<\/section>\n\t\t\t\t<section class=\"elementor-section elementor-top-section elementor-element elementor-element-55ff31e elementor-section-boxed elementor-section-height-default elementor-section-height-default\" data-id=\"55ff31e\" data-element_type=\"section\" data-e-type=\"section\">\n\t\t\t\t\t\t<div class=\"elementor-container elementor-column-gap-default\">\n\t\t\t\t\t<div class=\"elementor-column elementor-col-100 elementor-top-column elementor-element elementor-element-21fa780\" data-id=\"21fa780\" data-element_type=\"column\" data-e-type=\"column\">\n\t\t\t<div class=\"elementor-widget-wrap elementor-element-populated\">\n\t\t\t\t\t\t<div class=\"elementor-element elementor-element-cbc3437 elementor-align-left elementor-widget elementor-widget-pages-restaurant-content\" data-id=\"cbc3437\" data-element_type=\"widget\" data-e-type=\"widget\" data-widget_type=\"pages-restaurant-content.default\">\n\t\t\t\t<div class=\"elementor-widget-container\">\n\t\t\t\t\t\r\n\t\t<section class=\"rooms-page section-padding\" data-scroll-index=\"1\">\r\n\t\t\t<div class=\"container\">\r\n\t\t\t\t<div class=\"row\">\r\n\t\t\t\t\t<div class=\"col-md-12 text-left\"> \r\n\t\t\t\t\t\t<span>\r\n\t\t\t\t\t\t\t\t\t\t\t\t\t\t\t<i class=\"star-rating\"><\/i>\r\n\t\t\t\t\t\t\t\t<i class=\"star-rating\"><\/i>\r\n\t\t\t\t\t\t\t\t<i class=\"star-rating\"><\/i>\r\n\t\t\t\t\t\t\t\t<i class=\"star-rating\"><\/i>\r\n\t\t\t\t\t\t\t\t\t\t\t\t\t<\/span>\r\n\t\t\t\t\t\t\t\t\t\t\t\t\t\t\t\t\t\t\t<div class=\"section-title\">L\u2019esperienza della vera cucina italiana e internazionale a Cassino <\/div>\r\n\t\t\t\t\t\t\t\t\t\t\t<\/div>\r\n\t\t\t\t\t<div class=\"col-md-12\">\r\n\t\t\t\t\t\t\t\t\t\t\t\t<p>Ogni nostra creazione \u00e8 il frutto di un lavoro meticoloso, materie prime di altissima qualit\u00e0 e ricette sempre innovative, per portare a tavola solo il meglio in termini di qualit\u00e0 e genuinit\u00e0.<\/p>\n<p>Ma non solo: la cucina per noi di Edra Palace \u00e8 un\u2019arte e ci impegniamo ad offrire sempre nuove esperienze gustative ai nostri clienti.<\/p>\n<p>Ecco perch\u00e9 nel nostro Ristorante proponiamo piatti variegati, partendo da specialit\u00e0 tipiche\ndella cultura mediterranea e internazionale, sino alle eccellenze della cucina tradizionale\nciociara.<\/p>\n\t\t\t\t\t\t\t\t\t\t\t\t<ul class=\"list-unstyled page-list mb-30\">\r\n\t\t\t\t\t\t\t\t\t\t\t\t\t<\/ul>\r\n\t\t\t\t\t<\/div>\r\n\t\t\t\t<\/div>\r\n\t\t\t<\/div>\r\n\t\t<\/section>\r\n\r\n\t\t\t\t\t<\/div>\n\t\t\t\t<\/div>\n\t\t\t\t\t<\/div>\n\t\t<\/div>\n\t\t\t\t\t<\/div>\n\t\t<\/section>\n\t\t\t\t<section class=\"elementor-section elementor-top-section elementor-element elementor-element-9330a4f elementor-section-boxed elementor-section-height-default elementor-section-height-default\" data-id=\"9330a4f\" data-element_type=\"section\" data-e-type=\"section\">\n\t\t\t\t\t\t<div class=\"elementor-container elementor-column-gap-default\">\n\t\t\t\t\t<div class=\"elementor-column elementor-col-100 elementor-top-column elementor-element elementor-element-34e0bb9\" data-id=\"34e0bb9\" data-element_type=\"column\" data-e-type=\"column\">\n\t\t\t<div class=\"elementor-widget-wrap elementor-element-populated\">\n\t\t\t\t\t\t<div class=\"elementor-element elementor-element-3ee4f77 elementor-align-center elementor-widget elementor-widget-pages-gallery\" data-id=\"3ee4f77\" data-element_type=\"widget\" data-e-type=\"widget\" data-widget_type=\"pages-gallery.default\">\n\t\t\t\t<div class=\"elementor-widget-container\">\n\t\t\t\t\t\r\n\t\t<section class=\"section-padding\">\r\n\t\t\t<div class=\"container\">\r\n\t\t\t\t<div class=\"row\">\r\n\t\t\t\t\t<div class=\"col-md-12\">\r\n\t\t\t\t\t\t\t\t\t\t\t\t\t\t\t\t\t<\/div>\r\n\t\t\t\t\t<!-- 3 columns -->\r\n\t\t\t\t\t\t\t\t\t\t\t\t\t\t\t\t\t<div class=\"col-md-4 gallery-item\">\r\n\t\t\t\t\t\t\t\t\t\t\t\t\t\t\t\t\t\t\t<a href=\"https:\/\/www.edrapalacehotel.it\/wp-content\/uploads\/2022\/08\/DSC_4561.jpg\" title=\"\" class=\"img-zoom\">\r\n\t\t\t\t\t\t\t\t<div class=\"gallery-box\">\r\n\t\t\t\t\t\t\t\t\t<div class=\"gallery-img\"> <img decoding=\"async\" src=\"https:\/\/www.edrapalacehotel.it\/wp-content\/uploads\/2022\/08\/DSC_4561.jpg\" class=\"img-fluid mx-auto d-block\" alt=\"work-img\"> <\/div>\r\n\t\t\t\t\t\t\t\t<\/div>\r\n\t\t\t\t\t\t\t<\/a>\r\n\t\t\t\t\t\t\t\t\t\t\t\t\t<\/div>\r\n\t\t\t\t\t\t\t\t\t\t\t\t\t\t\t\t\t<div class=\"col-md-4 gallery-item\">\r\n\t\t\t\t\t\t\t\t\t\t\t\t\t\t\t\t\t\t\t<a href=\"https:\/\/www.edrapalacehotel.it\/wp-content\/uploads\/2022\/08\/DSC_4594.jpg\" title=\"\" class=\"img-zoom\">\r\n\t\t\t\t\t\t\t\t<div class=\"gallery-box\">\r\n\t\t\t\t\t\t\t\t\t<div class=\"gallery-img\"> <img decoding=\"async\" src=\"https:\/\/www.edrapalacehotel.it\/wp-content\/uploads\/2022\/08\/DSC_4594.jpg\" class=\"img-fluid mx-auto d-block\" alt=\"work-img\"> <\/div>\r\n\t\t\t\t\t\t\t\t<\/div>\r\n\t\t\t\t\t\t\t<\/a>\r\n\t\t\t\t\t\t\t\t\t\t\t\t\t<\/div>\r\n\t\t\t\t\t\t\t\t\t\t\t\t\t\t\t\t\t<div class=\"col-md-4 gallery-item\">\r\n\t\t\t\t\t\t\t\t\t\t\t\t\t\t\t\t\t\t\t<a href=\"https:\/\/www.edrapalacehotel.it\/wp-content\/uploads\/2022\/08\/DSC_4640.jpg\" title=\"\" class=\"img-zoom\">\r\n\t\t\t\t\t\t\t\t<div class=\"gallery-box\">\r\n\t\t\t\t\t\t\t\t\t<div class=\"gallery-img\"> <img decoding=\"async\" src=\"https:\/\/www.edrapalacehotel.it\/wp-content\/uploads\/2022\/08\/DSC_4640.jpg\" class=\"img-fluid mx-auto d-block\" alt=\"work-img\"> <\/div>\r\n\t\t\t\t\t\t\t\t<\/div>\r\n\t\t\t\t\t\t\t<\/a>\r\n\t\t\t\t\t\t\t\t\t\t\t\t\t<\/div>\r\n\t\t\t\t\t\t\t\t\t<\/div>\r\n\t\t\t<\/div>\r\n\t\t<\/section>\r\n\t\t\r\n\r\n\t\t\t\t\t<\/div>\n\t\t\t\t<\/div>\n\t\t\t\t\t<\/div>\n\t\t<\/div>\n\t\t\t\t\t<\/div>\n\t\t<\/section>\n\t\t\t\t<section class=\"elementor-section elementor-top-section elementor-element elementor-element-b130d71 elementor-section-boxed elementor-section-height-default elementor-section-height-default\" data-id=\"b130d71\" data-element_type=\"section\" data-e-type=\"section\">\n\t\t\t\t\t\t<div class=\"elementor-container elementor-column-gap-default\">\n\t\t\t\t\t<div class=\"elementor-column elementor-col-100 elementor-top-column elementor-element elementor-element-2ab8d55\" data-id=\"2ab8d55\" data-element_type=\"column\" data-e-type=\"column\">\n\t\t\t<div class=\"elementor-widget-wrap elementor-element-populated\">\n\t\t\t\t\t\t<div class=\"elementor-element elementor-element-ae3c74a elementor-align-left nostelle elementor-widget elementor-widget-home-about\" data-id=\"ae3c74a\" data-element_type=\"widget\" data-e-type=\"widget\" data-widget_type=\"home-about.default\">\n\t\t\t\t<div class=\"elementor-widget-container\">\n\t\t\t\t\t\r\n\t\t<section class=\"about section-padding\">\r\n\t\t\t<h2 style=\"display: none!important;\">The Cappa<\/h2>\r\n\t\t\t<div class=\"container\">\r\n\t\t\t\t<div class=\"row\">\r\n\t\t\t\t\t<div class=\"col-md-6 mb-30 animate-box\" data-animate-effect=\"fadeInUp\">\r\n\t\t\t\t\t\t<span>\r\n\t\t\t\t\t\t\t\t\t\t\t\t\t\t\t<i class=\"star-rating\"><\/i>\r\n\t\t\t\t\t\t\t\t<i class=\"star-rating\"><\/i>\r\n\t\t\t\t\t\t\t\t<i class=\"star-rating\"><\/i>\r\n\t\t\t\t\t\t\t\t<i class=\"star-rating\"><\/i>\r\n\t\t\t\t\t\t\t\t<i class=\"star-rating\"><\/i>\r\n\t\t\t\t\t\t\t\t\t\t\t\t\t<\/span>\r\n\t\t\t\t\t\t\t\t\t\t\t\t\t\t\t\t\t\t<div class=\"section-title\">Seulement le meilleur pour nos clients<\/div>\r\n\t\t\t\t\t\t\t\t\t\t\t\t\t\t\t\t\t\t<p>Oltre all\u2019eccellenza delle nostre proposte culinarie puntiamo ad offrire anche il massimo della qualit\u00e0 in termini di gestione e messa a punto di ogni singolo evento organizzato all\u2019interno del nostro Ristorante, partendo dall\u2019allestimento del buffet, passando per i primi e i secondi piatti fino alla scelta dei dolci e della frutta.<\/p>\n<p>Le proposte sono davvero moltissime e vengono realizzate sia \u201ca pacchetto\u201d che \u201cad hoc\u201d secondo i desideri dei nostri clienti.<\/p>\t\t\t\t\t\t\t\t\t\t\t\t<!-- call -->\r\n\t\t\t\t\t\t\t\t\t\t\t<\/div>\r\n\t\t\t\t\t\t\t\t\t\t<div class=\"col col-md-3 animate-box\" data-animate-effect=\"fadeInUp\">\r\n\t\t\t\t\t\t<img decoding=\"async\" src=\"https:\/\/www.edrapalacehotel.it\/wp-content\/uploads\/2022\/08\/DSC_9828.jpg\" alt=\"\" class=\"mt-90 mb-30\">\r\n\t\t\t\t\t<\/div>\r\n\t\t\t\t\t\t\t\t\t\t\t\t\t\t\t<div class=\"col col-md-3 animate-box\" data-animate-effect=\"fadeInUp\">\r\n\t\t\t\t\t\t<img decoding=\"async\" src=\"https:\/\/www.edrapalacehotel.it\/wp-content\/uploads\/2022\/08\/DSC_1677.jpg\" alt=\"\">\r\n\t\t\t\t\t<\/div>\r\n\t\t\t\t\t\t\t\t\t<\/div>\r\n\t\t\t<\/div>\r\n\t\t<\/section>\r\n\r\n\t\t\t\t\t<\/div>\n\t\t\t\t<\/div>\n\t\t\t\t\t<\/div>\n\t\t<\/div>\n\t\t\t\t\t<\/div>\n\t\t<\/section>\n\t\t\t\t<section class=\"elementor-section elementor-top-section elementor-element elementor-element-f8f6781 invert-col elementor-section-boxed elementor-section-height-default elementor-section-height-default\" data-id=\"f8f6781\" data-element_type=\"section\" data-e-type=\"section\">\n\t\t\t\t\t\t<div class=\"elementor-container elementor-column-gap-default\">\n\t\t\t\t\t<div class=\"elementor-column elementor-col-100 elementor-top-column elementor-element elementor-element-2c2fad4\" data-id=\"2c2fad4\" data-element_type=\"column\" data-e-type=\"column\">\n\t\t\t<div class=\"elementor-widget-wrap elementor-element-populated\">\n\t\t\t\t\t\t<div class=\"elementor-element elementor-element-61a93af elementor-align-left nostelle elementor-widget elementor-widget-home-about\" data-id=\"61a93af\" data-element_type=\"widget\" data-e-type=\"widget\" data-widget_type=\"home-about.default\">\n\t\t\t\t<div class=\"elementor-widget-container\">\n\t\t\t\t\t\r\n\t\t<section class=\"about section-padding\">\r\n\t\t\t<h2 style=\"display: none!important;\">The Cappa<\/h2>\r\n\t\t\t<div class=\"container\">\r\n\t\t\t\t<div class=\"row\">\r\n\t\t\t\t\t<div class=\"col-md-6 mb-30 animate-box\" data-animate-effect=\"fadeInUp\">\r\n\t\t\t\t\t\t<span>\r\n\t\t\t\t\t\t\t\t\t\t\t\t\t\t\t<i class=\"star-rating\"><\/i>\r\n\t\t\t\t\t\t\t\t<i class=\"star-rating\"><\/i>\r\n\t\t\t\t\t\t\t\t<i class=\"star-rating\"><\/i>\r\n\t\t\t\t\t\t\t\t<i class=\"star-rating\"><\/i>\r\n\t\t\t\t\t\t\t\t<i class=\"star-rating\"><\/i>\r\n\t\t\t\t\t\t\t\t\t\t\t\t\t<\/span>\r\n\t\t\t\t\t\t\t\t\t\t\t\t\t\t\t\t\t\t<div class=\"section-title\">Nos chambres<\/div>\r\n\t\t\t\t\t\t\t\t\t\t\t\t\t\t\t\t\t\t<p>L'Edra Palace Hotel est le choix id\u00e9al pour tous ceux qui recherchent un lieu \u00e9l\u00e9gant et soign\u00e9 pour c\u00e9l\u00e9brer leurs c\u00e9r\u00e9monies.<\/p>\n<p>L'elegante Ristorante \u00e8 infatti dotato di un angolo bar e di due ampie sale, la Sala Rubino e la Sala Diamante, nelle quali \u00e8 possibile degustare piatti della tradizione ciociara, ma anche specialit\u00e0 italiane e internazionali.<\/p>\n<p>Infine vi \u00e8 il Garden Edra, un vero e proprio angolo di paradiso immerso nel verde, altamente suggestivo e accogliente, ideale per eventi e cerimonie all\u2019aperto.<p>\t\t\t\t\t\t\t\t\t\t\t\t<!-- call -->\r\n\t\t\t\t\t\t\t\t\t\t\t<\/div>\r\n\t\t\t\t\t\t\t\t\t\t<div class=\"col col-md-3 animate-box\" data-animate-effect=\"fadeInUp\">\r\n\t\t\t\t\t\t<img decoding=\"async\" src=\"https:\/\/www.edrapalacehotel.it\/wp-content\/uploads\/2022\/08\/sala2.jpg\" alt=\"\" class=\"mt-90 mb-30\">\r\n\t\t\t\t\t<\/div>\r\n\t\t\t\t\t\t\t\t\t\t\t\t\t\t\t<div class=\"col col-md-3 animate-box\" data-animate-effect=\"fadeInUp\">\r\n\t\t\t\t\t\t<img decoding=\"async\" src=\"https:\/\/www.edrapalacehotel.it\/wp-content\/uploads\/2022\/08\/sala.jpg\" alt=\"\">\r\n\t\t\t\t\t<\/div>\r\n\t\t\t\t\t\t\t\t\t<\/div>\r\n\t\t\t<\/div>\r\n\t\t<\/section>\r\n\r\n\t\t\t\t\t<\/div>\n\t\t\t\t<\/div>\n\t\t\t\t\t<\/div>\n\t\t<\/div>\n\t\t\t\t\t<\/div>\n\t\t<\/section>\n\t\t\t\t<section class=\"elementor-section elementor-top-section elementor-element elementor-element-a940666 elementor-section-full_width elementor-section-height-default elementor-section-height-default\" data-id=\"a940666\" data-element_type=\"section\" data-e-type=\"section\">\n\t\t\t\t\t\t<div class=\"elementor-container elementor-column-gap-no\">\n\t\t\t\t\t<div class=\"elementor-column elementor-col-100 elementor-top-column elementor-element elementor-element-3e66509\" data-id=\"3e66509\" data-element_type=\"column\" data-e-type=\"column\">\n\t\t\t<div class=\"elementor-widget-wrap elementor-element-populated\">\n\t\t\t\t\t\t<div class=\"elementor-element elementor-element-493d69b elementor-align-left nostelle elementor-widget elementor-widget-home-about\" data-id=\"493d69b\" data-element_type=\"widget\" data-e-type=\"widget\" data-widget_type=\"home-about.default\">\n\t\t\t\t<div class=\"elementor-widget-container\">\n\t\t\t\t\t\r\n\t\t<section class=\"about section-padding\">\r\n\t\t\t<h2 style=\"display: none!important;\">The Cappa<\/h2>\r\n\t\t\t<div class=\"container\">\r\n\t\t\t\t<div class=\"row\">\r\n\t\t\t\t\t<div class=\"col-md-6 mb-30 animate-box\" data-animate-effect=\"fadeInUp\">\r\n\t\t\t\t\t\t<span>\r\n\t\t\t\t\t\t\t\t\t\t\t\t\t\t\t<i class=\"star-rating\"><\/i>\r\n\t\t\t\t\t\t\t\t<i class=\"star-rating\"><\/i>\r\n\t\t\t\t\t\t\t\t<i class=\"star-rating\"><\/i>\r\n\t\t\t\t\t\t\t\t<i class=\"star-rating\"><\/i>\r\n\t\t\t\t\t\t\t\t\t\t\t\t\t<\/span>\r\n\t\t\t\t\t\t\t\t\t\t\t\t\t\t\t\t\t\t<div class=\"section-title\">Mariages et \u00e9v\u00e9nements<\/div>\r\n\t\t\t\t\t\t\t\t\t\t\t\t\t\t\t\t\t\t<p>Grazie alla lunga esperienza nell\u2019organizzazione di eventi e cerimonie, Edra Palace \u00e8 in grado di offrire ai propri ospiti un servizio a dir poco impeccabile, rendendo unico e indimenticabile ogni singolo dettaglio.<\/p>\n<p>Realizziamo Matrimoni esclusivi e personalizzati sia per la scelta del men\u00f9 nuziale che per la realizzazione degli allestimenti.<\/p>\t\t\t\t\t\t\t\t\t\t\t\t<!-- call -->\r\n\t\t\t\t\t\t\t\t\t\t\t<\/div>\r\n\t\t\t\t\t\t\t\t\t\t<div class=\"col col-md-3 animate-box\" data-animate-effect=\"fadeInUp\">\r\n\t\t\t\t\t\t<img decoding=\"async\" src=\"https:\/\/www.edrapalacehotel.it\/wp-content\/uploads\/2022\/08\/sfalsata-sx-1.jpg\" alt=\"\" class=\"mt-90 mb-30\">\r\n\t\t\t\t\t<\/div>\r\n\t\t\t\t\t\t\t\t\t\t\t\t\t\t\t<div class=\"col col-md-3 animate-box\" data-animate-effect=\"fadeInUp\">\r\n\t\t\t\t\t\t<img decoding=\"async\" src=\"https:\/\/www.edrapalacehotel.it\/wp-content\/uploads\/2022\/08\/sfalsata-dx-1.jpg\" alt=\"\">\r\n\t\t\t\t\t<\/div>\r\n\t\t\t\t\t\t\t\t\t<\/div>\r\n\t\t\t<\/div>\r\n\t\t<\/section>\r\n\r\n\t\t\t\t\t<\/div>\n\t\t\t\t<\/div>\n\t\t\t\t<div class=\"elementor-element elementor-element-ceddac5 elementor-align-center butn-dark elementor-mobile-align-left elementor-widget elementor-widget-button\" data-id=\"ceddac5\" data-element_type=\"widget\" data-e-type=\"widget\" data-widget_type=\"button.default\">\n\t\t\t\t<div class=\"elementor-widget-container\">\n\t\t\t\t\t\t\t\t\t<div class=\"elementor-button-wrapper\">\n\t\t\t\t\t<a class=\"elementor-button elementor-button-link elementor-size-md\" href=\"https:\/\/www.edrapalacehotel.it\/fr\/weddings-events\/\">\n\t\t\t\t\t\t<span class=\"elementor-button-content-wrapper\">\n\t\t\t\t\t\t\t\t\t<span class=\"elementor-button-text\">Scopri di pi\u00f9<\/span>\n\t\t\t\t\t<\/span>\n\t\t\t\t\t<\/a>\n\t\t\t\t<\/div>\n\t\t\t\t\t\t\t\t<\/div>\n\t\t\t\t<\/div>\n\t\t\t\t\t<\/div>\n\t\t<\/div>\n\t\t\t\t\t<\/div>\n\t\t<\/section>\n\t\t\t\t<\/div>","protected":false},"excerpt":{"rendered":"<p>Ristorante 0776 373010 Chiamaci L\u2019esperienza della vera cucina italiana e internazionale a Cassino Ogni nostra creazione \u00e8 il frutto di un lavoro meticoloso, materie prime di altissima qualit\u00e0 e ricette sempre innovative, per portare a tavola solo il meglio in termini di qualit\u00e0 e genuinit\u00e0. Ma non solo: la cucina per noi di Edra Palace [&hellip;]<\/p>\n","protected":false},"author":1,"featured_media":0,"parent":0,"menu_order":0,"comment_status":"closed","ping_status":"closed","template":"page-templates\/home.php","meta":{"footnotes":""},"class_list":["post-722","page","type-page","status-publish","hentry"],"yoast_head":"<!-- This site is optimized with the Yoast SEO plugin v27.3 - https:\/\/yoast.com\/product\/yoast-seo-wordpress\/ -->\n<title>Ristorante - Edra Palace<\/title>\n<meta name=\"robots\" content=\"index, follow, max-snippet:-1, max-image-preview:large, max-video-preview:-1\" \/>\n<link rel=\"canonical\" href=\"https:\/\/www.edrapalacehotel.it\/fr\/ristorante\/\" \/>\n<meta property=\"og:locale\" content=\"fr_FR\" \/>\n<meta property=\"og:type\" content=\"article\" \/>\n<meta property=\"og:title\" content=\"Ristorante - Edra Palace\" \/>\n<meta property=\"og:description\" content=\"Ristorante 0776 373010 Chiamaci L\u2019esperienza della vera cucina italiana e internazionale a Cassino Ogni nostra creazione \u00e8 il frutto di un lavoro meticoloso, materie prime di altissima qualit\u00e0 e ricette sempre innovative, per portare a tavola solo il meglio in termini di qualit\u00e0 e genuinit\u00e0. Ma non solo: la cucina per noi di Edra Palace [&hellip;]\" \/>\n<meta property=\"og:url\" content=\"https:\/\/www.edrapalacehotel.it\/fr\/ristorante\/\" \/>\n<meta property=\"og:site_name\" content=\"Edra Palace\" \/>\n<meta property=\"article:modified_time\" content=\"2022-09-01T11:48:09+00:00\" \/>\n<meta property=\"og:image\" content=\"https:\/\/www.edrapalacehotel.it\/wp-content\/uploads\/2022\/08\/DSC_4561.jpg\" \/>\n<meta name=\"twitter:card\" content=\"summary_large_image\" \/>\n<meta name=\"twitter:label1\" content=\"Dur\u00e9e de lecture estim\u00e9e\" \/>\n\t<meta name=\"twitter:data1\" content=\"2 minutes\" \/>\n<script type=\"application\/ld+json\" class=\"yoast-schema-graph\">{\"@context\":\"https:\\\/\\\/schema.org\",\"@graph\":[{\"@type\":\"WebPage\",\"@id\":\"https:\\\/\\\/www.edrapalacehotel.it\\\/es\\\/ristorante\\\/\",\"url\":\"https:\\\/\\\/www.edrapalacehotel.it\\\/es\\\/ristorante\\\/\",\"name\":\"Ristorante - Edra Palace\",\"isPartOf\":{\"@id\":\"https:\\\/\\\/www.edrapalacehotel.it\\\/#website\"},\"primaryImageOfPage\":{\"@id\":\"https:\\\/\\\/www.edrapalacehotel.it\\\/es\\\/ristorante\\\/#primaryimage\"},\"image\":{\"@id\":\"https:\\\/\\\/www.edrapalacehotel.it\\\/es\\\/ristorante\\\/#primaryimage\"},\"thumbnailUrl\":\"https:\\\/\\\/www.edrapalacehotel.it\\\/wp-content\\\/uploads\\\/2022\\\/08\\\/DSC_4561.jpg\",\"datePublished\":\"2022-06-30T08:59:18+00:00\",\"dateModified\":\"2022-09-01T11:48:09+00:00\",\"breadcrumb\":{\"@id\":\"https:\\\/\\\/www.edrapalacehotel.it\\\/es\\\/ristorante\\\/#breadcrumb\"},\"inLanguage\":\"fr-FR\",\"potentialAction\":[{\"@type\":\"ReadAction\",\"target\":[\"https:\\\/\\\/www.edrapalacehotel.it\\\/es\\\/ristorante\\\/\"]}]},{\"@type\":\"ImageObject\",\"inLanguage\":\"fr-FR\",\"@id\":\"https:\\\/\\\/www.edrapalacehotel.it\\\/es\\\/ristorante\\\/#primaryimage\",\"url\":\"https:\\\/\\\/www.edrapalacehotel.it\\\/wp-content\\\/uploads\\\/2022\\\/08\\\/DSC_4561.jpg\",\"contentUrl\":\"https:\\\/\\\/www.edrapalacehotel.it\\\/wp-content\\\/uploads\\\/2022\\\/08\\\/DSC_4561.jpg\"},{\"@type\":\"BreadcrumbList\",\"@id\":\"https:\\\/\\\/www.edrapalacehotel.it\\\/es\\\/ristorante\\\/#breadcrumb\",\"itemListElement\":[{\"@type\":\"ListItem\",\"position\":1,\"name\":\"Home\",\"item\":\"https:\\\/\\\/www.edrapalacehotel.it\\\/\"},{\"@type\":\"ListItem\",\"position\":2,\"name\":\"Ristorante\"}]},{\"@type\":\"WebSite\",\"@id\":\"https:\\\/\\\/www.edrapalacehotel.it\\\/#website\",\"url\":\"https:\\\/\\\/www.edrapalacehotel.it\\\/\",\"name\":\"Edra Palace\",\"description\":\"Hotel 4 stelle\",\"potentialAction\":[{\"@type\":\"SearchAction\",\"target\":{\"@type\":\"EntryPoint\",\"urlTemplate\":\"https:\\\/\\\/www.edrapalacehotel.it\\\/?s={search_term_string}\"},\"query-input\":{\"@type\":\"PropertyValueSpecification\",\"valueRequired\":true,\"valueName\":\"search_term_string\"}}],\"inLanguage\":\"fr-FR\"}]}<\/script>\n<!-- \/ Yoast SEO plugin. -->","yoast_head_json":{"title":"Ristorante - Edra Palace","robots":{"index":"index","follow":"follow","max-snippet":"max-snippet:-1","max-image-preview":"max-image-preview:large","max-video-preview":"max-video-preview:-1"},"canonical":"https:\/\/www.edrapalacehotel.it\/fr\/ristorante\/","og_locale":"fr_FR","og_type":"article","og_title":"Ristorante - Edra Palace","og_description":"Ristorante 0776 373010 Chiamaci L\u2019esperienza della vera cucina italiana e internazionale a Cassino Ogni nostra creazione \u00e8 il frutto di un lavoro meticoloso, materie prime di altissima qualit\u00e0 e ricette sempre innovative, per portare a tavola solo il meglio in termini di qualit\u00e0 e genuinit\u00e0. Ma non solo: la cucina per noi di Edra Palace [&hellip;]","og_url":"https:\/\/www.edrapalacehotel.it\/fr\/ristorante\/","og_site_name":"Edra Palace","article_modified_time":"2022-09-01T11:48:09+00:00","og_image":[{"url":"https:\/\/www.edrapalacehotel.it\/wp-content\/uploads\/2022\/08\/DSC_4561.jpg","type":"","width":"","height":""}],"twitter_card":"summary_large_image","twitter_misc":{"Dur\u00e9e de lecture estim\u00e9e":"2 minutes"},"schema":{"@context":"https:\/\/schema.org","@graph":[{"@type":"WebPage","@id":"https:\/\/www.edrapalacehotel.it\/es\/ristorante\/","url":"https:\/\/www.edrapalacehotel.it\/es\/ristorante\/","name":"Ristorante - Edra Palace","isPartOf":{"@id":"https:\/\/www.edrapalacehotel.it\/#website"},"primaryImageOfPage":{"@id":"https:\/\/www.edrapalacehotel.it\/es\/ristorante\/#primaryimage"},"image":{"@id":"https:\/\/www.edrapalacehotel.it\/es\/ristorante\/#primaryimage"},"thumbnailUrl":"https:\/\/www.edrapalacehotel.it\/wp-content\/uploads\/2022\/08\/DSC_4561.jpg","datePublished":"2022-06-30T08:59:18+00:00","dateModified":"2022-09-01T11:48:09+00:00","breadcrumb":{"@id":"https:\/\/www.edrapalacehotel.it\/es\/ristorante\/#breadcrumb"},"inLanguage":"fr-FR","potentialAction":[{"@type":"ReadAction","target":["https:\/\/www.edrapalacehotel.it\/es\/ristorante\/"]}]},{"@type":"ImageObject","inLanguage":"fr-FR","@id":"https:\/\/www.edrapalacehotel.it\/es\/ristorante\/#primaryimage","url":"https:\/\/www.edrapalacehotel.it\/wp-content\/uploads\/2022\/08\/DSC_4561.jpg","contentUrl":"https:\/\/www.edrapalacehotel.it\/wp-content\/uploads\/2022\/08\/DSC_4561.jpg"},{"@type":"BreadcrumbList","@id":"https:\/\/www.edrapalacehotel.it\/es\/ristorante\/#breadcrumb","itemListElement":[{"@type":"ListItem","position":1,"name":"Home","item":"https:\/\/www.edrapalacehotel.it\/"},{"@type":"ListItem","position":2,"name":"Ristorante"}]},{"@type":"WebSite","@id":"https:\/\/www.edrapalacehotel.it\/#website","url":"https:\/\/www.edrapalacehotel.it\/","name":"Edra Palace","description":"Hotel 4 stelle","potentialAction":[{"@type":"SearchAction","target":{"@type":"EntryPoint","urlTemplate":"https:\/\/www.edrapalacehotel.it\/?s={search_term_string}"},"query-input":{"@type":"PropertyValueSpecification","valueRequired":true,"valueName":"search_term_string"}}],"inLanguage":"fr-FR"}]}},"_links":{"self":[{"href":"https:\/\/www.edrapalacehotel.it\/fr\/wp-json\/wp\/v2\/pages\/722","targetHints":{"allow":["GET"]}}],"collection":[{"href":"https:\/\/www.edrapalacehotel.it\/fr\/wp-json\/wp\/v2\/pages"}],"about":[{"href":"https:\/\/www.edrapalacehotel.it\/fr\/wp-json\/wp\/v2\/types\/page"}],"author":[{"embeddable":true,"href":"https:\/\/www.edrapalacehotel.it\/fr\/wp-json\/wp\/v2\/users\/1"}],"replies":[{"embeddable":true,"href":"https:\/\/www.edrapalacehotel.it\/fr\/wp-json\/wp\/v2\/comments?post=722"}],"version-history":[{"count":56,"href":"https:\/\/www.edrapalacehotel.it\/fr\/wp-json\/wp\/v2\/pages\/722\/revisions"}],"predecessor-version":[{"id":2612,"href":"https:\/\/www.edrapalacehotel.it\/fr\/wp-json\/wp\/v2\/pages\/722\/revisions\/2612"}],"wp:attachment":[{"href":"https:\/\/www.edrapalacehotel.it\/fr\/wp-json\/wp\/v2\/media?parent=722"}],"curies":[{"name":"wp","href":"https:\/\/api.w.org\/{rel}","templated":true}]}}